{"id":17,"date":"2019-09-23T17:19:25","date_gmt":"2019-09-23T17:19:25","guid":{"rendered":"http:\/\/www.nejatelsanatlari.com\/?page_id=17"},"modified":"2020-04-16T09:49:45","modified_gmt":"2020-04-16T09:49:45","slug":"ana-sayfa","status":"publish","type":"page","link":"http:\/\/www.nejatelsanatlari.com\/","title":{"rendered":"\u00d6z Ge\u00e7mi\u015f"},"content":{"rendered":"<p><strong>1957- <\/strong>\u0130stanbul\u2019da do\u011fdu<\/p>\n<p><strong>1976- <\/strong>Y\u0131l\u0131nda Haydarpa\u015fa E. M. L. Elektronik b\u00f6l\u00fcm\u00fcn\u00fc bitirdi<\/p>\n<p><strong>1982- <\/strong>Devlet Tatbiki G\u00fczel Sanatlar Y\u00fcksek Okulu&#8217;nu okul ikincisi olarak bitirdi.<\/p>\n<p><strong>1985-<\/strong> Kendi at\u00f6lyesinde sanat \u00e7al\u0131\u015fmalar\u0131na ba\u015flad\u0131.<\/p>\n<p><strong>1980-1987 &#8211;<\/strong>Elektrikli Kamara Tipi Seramik F\u0131r\u0131nlar\u0131 \u00fczerinde teknik ara\u015ft\u0131rmalar yapt\u0131 ve uygulad\u0131<\/p>\n<p><strong>1987- <\/strong>&nbsp;Hilton\u2019da Arma\u011fan 87 Fuar\u0131&#8217;na kat\u0131ld\u0131.<\/p>\n<p><strong>1991- <\/strong>52. K\u00fclt\u00fcr Bakanl\u0131\u011f\u0131 Devlet Seramik ve \u00c7ini Sergisi&#8217;nde eserleri sergilendi.<\/p>\n<p><strong>1993- <\/strong>\u0130stanbul \u00dcniversitesi Teknik Bilimler Meslek Y\u00fcksek Okulu \u00c7ini \u0130\u015flemecili\u011fi ve Cam Seramik Programlar\u0131&#8217;nda \u00f6\u011fretim g\u00f6revlili\u011fi yapmaya ba\u015flad\u0131.<\/p>\n<p><strong>1993- <\/strong>54. K\u00fclt\u00fcr Bakanl\u0131\u011f\u0131 Devlet Seramik Sergisi&#8217;ne kat\u0131ld\u0131 ve eserleri sergilendi.<\/p>\n<p><strong>1994-<\/strong> Ege K\u00fclt\u00fcr Vakf\u0131 Duvar Taba\u011f\u0131 Yar\u0131\u015fmas\u0131nda eserleri sergilendi.<\/p>\n<p><strong>1994- <\/strong>Yapm\u0131\u015f oldu\u011fu t\u00fcm eserlerin sanat eseri oldu\u011funu onaylayan belge K\u00fclt\u00fcr Bakanl\u0131\u011f\u0131 taraf\u0131ndan kendisine verildi.<\/p>\n<p><strong>1994-<\/strong> \u0130stanbul \u00dcniversitesi sergi salonunda a\u00e7\u0131lan \u00d6\u011fretim G\u00f6revlileri Karma Sergisi&#8217;ne kat\u0131ld\u0131.<\/p>\n<p><strong>1994- <\/strong>Karayip Adalar\u0131&#8217;nda, Japonya\u2019da, Almanya\u2019da ve Hollanda\u2019da tek par\u00e7a eserleri sergilendi.<\/p>\n<p><strong>1995- <\/strong>70&#8217;lerden G\u00fcn\u00fcm\u00fcze Seramik Sergisi&#8217;ne kat\u0131ld\u0131.<\/p>\n<p><strong>1996- <\/strong>Bas\u0131n M\u00fczesi&#8217;nde a\u00e7\u0131lan Seramik Sergisi&#8217;ne kat\u0131ld\u0131.<\/p>\n<p><strong>1996- <\/strong>\u0130\u015f Bankas\u0131 Sanat Galerisi&#8217;nde ki\u015fisel sergisini a\u00e7t\u0131.<\/p>\n<p><strong>1996- <\/strong>Antika K\u00fclt\u00fcr ve Sanat Fuar\u0131&#8217;na kat\u0131ld\u0131.<\/p>\n<p><strong>1998- <\/strong>I\u015f\u0131k \u00dcniversitesi&#8217;nde a\u00e7\u0131lan \u0130stanbul \u00dcniversitesi \u00d6\u011fretim G\u00f6revlileri Sergisi&#8217;nde eserleri sergilendi.<\/p>\n<p><strong>1998- <\/strong>\u00c7anakkale&#8217;de a\u00e7\u0131lan Seramik Sergisi&#8217;ne kat\u0131ld\u0131 ve \u00c7anakkale Seramik Fabrikas\u0131 M\u00fczesi&#8217;nde eserleri sergilendi.<\/p>\n<p><strong>1998- <\/strong>Mast\u0131r e\u011fitimini tamamlayarak; Elektrikli Kamara Tipi Seramik F\u0131r\u0131nlar\u0131 hakk\u0131ndaki tezini ba\u015far\u0131yla verdi.<\/p>\n<p><strong>1999- <\/strong>Seramiktek Sergisi&#8217;ne kat\u0131ld\u0131.<\/p>\n<p><strong>2000- <\/strong>Bar\u0131\u015f Man\u00e7o K\u00fclt\u00fcr Merkezi&#8217;nde \u0130stanbul \u00dcniversitesi \u00d6\u011fretim G\u00f6revlileri Karma Sergisine kat\u0131ld\u0131.<\/p>\n<p><strong>2001- <\/strong>Bal\u0131kesir Sanat Galerisi&#8217;nde eserleri sergilendi.<\/p>\n<p><strong>2001- <\/strong>Dubai Fuar Merkezi&#8217;nde eserleri sergilendi.<\/p>\n<p><strong>2002-<\/strong> \u0130stanbul \u00dcniversitesi A\u00e7\u0131l\u0131\u015f \u015eenlikleri Karma Sergisi&#8217;nde eserleri sergilendi.<\/p>\n<p><strong>2002- <\/strong>Kuyucu Murat Pa\u015fa Medresesi&#8217;nde eserleri sergilendi.<\/p>\n<p><strong>2007- <\/strong>Kuyucu Murat Pa\u015fa Medresesi&#8217;nde eserleri sergilendi.<\/p>\n<p><strong>2007- <\/strong>Marmara \u00dcniversitesi&#8217;nin 50 Y\u0131l\u0131n Sanat\u00e7\u0131 ve Tasar\u0131mc\u0131lar Sergisi&#8217;nde eserleri sergilendi.<\/p>\n<p><strong>2008-<\/strong> Almanya ve T\u00fcrkiye&#8217;deki \u00e7iniden yap\u0131lan uluslarars\u0131 Bar\u0131\u015f A\u011fac\u0131 Projesi&#8217;nin uygulanmas\u0131nda g\u00f6rev yapt\u0131.<\/p>\n<p><strong>2009- <\/strong>\u0130stanbul \u00dcniversitesi Karma sergisi Beylerbeyi Saray\u0131\/ \u0130stanbul<\/p>\n<p><strong>2012- <\/strong>20 Nisan \u00dcmraniye E\u011fitim ve Ara\u015ft\u0131rma Hastahanesi Seramik Semineri<\/p>\n<p><strong>2012- <\/strong>17-28 Nisan aras\u0131nda \u0130slam Eserleri M\u00fczesi&#8217;nde Erguvanlar Sergisi&#8217;nde eseri sergilendi.<\/p>\n<p><strong>2013-<\/strong>15-26 May\u0131s Emin\u00f6n\u00fc H\u00fcnkar Mahfili&#8217;nde (Yeni Camii yan\u0131) &#8216;Seramikte Birdevrim&#8217; adl\u0131 ki\u015fisel sergisini a\u00e7t\u0131..<\/p>\n<p><strong>2013-<\/strong> 26 Ekim&#8217;de U\u015fak&#8217;ta a\u00e7\u0131lan Sanat A\u015fk\u0131 Karma Sergisi&#8217;nde eseri sergilendi.<\/p>\n<p><strong>2013-<\/strong> 12-29 Kas\u0131m Dumlup\u0131nar \u00dcniversitesi&#8217;nde a\u00e7\u0131lan Karma Segi&#8217;de eseri sergilendi.<\/p>\n<p><strong>2013-<\/strong> 7-10 Aral\u0131k Cezayir- 2. T\u00fcrk \u00dcr\u00fcnleri Fuar\u0131nda eserleri ile T\u00fcrkiye&#8217;yi temsil etti.<\/p>\n<p><strong>2014-<\/strong> 9-24 Ocak Emin\u00f6n\u00fc H\u00fcnkar Mahfili&#8217;nde (Yeni Camii yan\u0131) &#8216;D\u00f6n\u00fc\u015f\u00fcm&#8217; adl\u0131 ki\u015fisel sergisini a\u00e7t\u0131.<\/p>\n<p><strong>2014-<\/strong>20 May\u0131s 3 Haziran Taksim Cumhuriyet Sanat Galerisi Karma Sergisi&#8217;nde eseri sergilenecek.<\/p>\n<p><strong>2015-<\/strong>18 Nisan-10May\u0131s \u201c\u0130stanbul Erguvan\u201dadl\u0131 Geleneksel ve Modern Sanatlar Sergisinde eseri sergilendi.<\/p>\n<p><strong>2015-<\/strong>16 May\u0131s-6 Haziran 2.\u0130stambul Seramik Sanat G\u00fcnleri Karma sergisi&#8217;nde eserleri sergilendi.<\/p>\n<p><strong>2015-<\/strong>2-7 Haziran Beylerbeyi Saray\u0131&#8217;nda \u201cEtkile\u015fim\u201d adl\u0131 ki\u015fisel sergisini a\u00e7t\u0131.<\/p>\n<p><strong>2015-<\/strong>9Haziran -9 Temmuz\u201d\u0130stanbul Erguvan\u201dadl\u0131 Geleneksel ve Modern Sanatsal Sergisinin devam\u0131 olarak Tataristan Milli M\u00fczesi&#8217;nde eseri sergilendi.<\/p>\n<p><strong>2015-<\/strong>24 Haziran 8-A\u011fustos D&#8217;art Gallery \u201dKoalisyon\u201dadl\u0131 karma sergisinde eserleri sergilendi.<\/p>\n<p><strong>2015-<\/strong>2-4 Ekim 1.Hattu\u015fa K\u00fclt\u00fcr ve Gastronomi Festivali i\u00e7in yapm\u0131\u015f oldu\u011fu eser K\u00fclt\u00fcr Bakan\u0131 Taraf\u0131ndan a\u00e7\u0131l\u0131\u015f\u0131 yap\u0131ld\u0131.<\/p>\n<p><strong>2016-<\/strong>1 Nisan Seramik F\u0131r\u0131n \u00c7e\u015fitleri ve Teknikleri Semineri Kocaeli \u00dcniversitesi Rekt\u00f6rl\u00fc\u011f\u00fc K\u00fclt\u00fcr evi<\/p>\n<p><strong>2016-<\/strong>29 Nisan Dumlup\u0131nar \u00dcniversitesi Seramik Pi\u015firim Teknikleri sunumu \/K\u00fctahya<\/p>\n<p><strong>2016-<\/strong> 2016 Uluslararas\u0131 G\u00f6lc\u00fck Seramik Sempozyumu Obvara Pi\u015firim Tekni\u011fi Kocaeli \u00dcniversitesi&nbsp; Kocaeli\/\u0130zmit<\/p>\n<p><strong>2016-<\/strong> 13-15 Temmuz 26. Sahra K\u00fclt\u00fcr ve Sanat Festivali kapsam\u0131nda \u015eav\u015fat Belediye Ba\u015fkanl\u0131\u011f\u0131 ve \u0130stanbul \u00dcniversitesi taraf\u0131ndan d\u00fczenlenen&nbsp;&nbsp;&nbsp; <strong>\u201c\u015eav\u015fat Kad\u0131nlar\u0131 Sanatsal Etkinlikleri\u201d<\/strong>2. \u015eav\u015fat \u00e7al\u0131\u015ftay\u0131<\/p>\n<p><strong>2016-<\/strong>1 Eyl\u00fcl-15 Eyl\u00fcl T\u00fcrk ve \u0130slam Eserleri M\u00fczesi <strong>\u201cTopra\u011fa Yans\u0131yan Ya\u015fanm\u0131\u015fl\u0131k\u201d<\/strong>adl\u0131 ki\u015fisel seramik&nbsp; sergisi.<\/p>\n<p><strong>2017-<\/strong>12 Nisan 15 Temmuz \u015eehit ve Gazi yak\u0131nlar\u0131 i\u00e7in Sinan Erdem Spor salonunda Say\u0131n<strong> Cumhurba\u015fkan\u0131 Recep Tayyip Erdo\u011fan&#8217;a<\/strong> yapm\u0131\u015f oldu\u011fu \u00f6zel <strong>&nbsp;<\/strong>eserinin&nbsp;&nbsp; verili\u015fi.<\/p>\n<p><strong>2017-Bilfen liseleri sanat haftas\u0131nda <\/strong>seramik konulu ki\u015fisel seminer<\/p>\n<p><strong>2017-<\/strong>18 May\u0131s&nbsp; -8 Haziran \u0130stanbul Seramik g\u00fcnleri sergisinde&nbsp; eserleri Seramik sanat\u00e7\u0131s\u0131 duayeni olarak&nbsp; sergilendi.<\/p>\n<p><strong>2017-23 May\u0131s-1 Haziran birlik sergisi<\/strong>\u0130stanbul \u00dcniversitesi Rekt\u00f6rl\u00fck&#8217;de yap\u0131lan&nbsp; \u00f6\u011frenci sergisinde eseri sergilendi.<\/p>\n<p><strong>2017-21<\/strong> <strong>Haziran<\/strong> <strong>21<\/strong> <strong>Temmuz \u0130zd\u00fc\u015f\u00fcm <\/strong>atakent k\u00fclt\u00fcr ve sanat merkezi <strong>K\u00fc\u00e7\u00fck\u00e7ekmece\/\u0130STANBUL<\/strong><\/p>\n<p><strong>2018-1-5 Ekim<\/strong>Tarihleri aras\u0131nda ger\u00e7ekle\u015ftirilen3.Dumlup\u0131nar \u00c7ini ve El Sanatlar\u0131 Festivali Kat\u0131l\u0131m\u0131 \/K\u00fctahya<\/p>\n<p><strong>2019-T\u00dcB\u0130TAK 1001 Projesi 217M625numaral\u0131 <\/strong>Mavi bask\u0131 renkli s\u0131rl\u0131 \u00e7ini seramiklerinin arkeometrik ve replika \u00fcretimi projesinde dan\u0131\u015fmanl\u0131k<\/p>\n<p><strong>2020-13-23 \u015eubat TOPRAKLA YE\u015eEREN 40 YIL Sergisi \u0130stanbul Ticaret Odas\u0131 H\u00fcnkar kasr\u0131 EM\u0130N\u00d6N\u00dc&nbsp;&nbsp;<\/strong><\/p>\n<p><strong>1985&#8217;den bu yana da&nbsp; Kad\u0131k\u00f6y Palas \u0130\u015f Han\u0131 7\/5 Kad\u0131k\u00f6y\/\u0130stanbul adresinde bulunan,<\/strong><strong>daimi a\u00e7\u0131k yaln\u0131zca kendi eserlerini ihtiva eden Sanat&nbsp; Galerisi ve at\u00f6lyesinde&nbsp; \u00e7al\u0131\u015farak eserlerini yapmakta ve ba\u015far\u0131 ile sergilemektedir.<\/strong><\/p>\n<p><strong>&nbsp;<\/strong><strong>1993 den bu yana da \u0130stanbul \u00dcniversitesi Teknik Bilimler Meslek Y\u00fcksek Okulu Seramik Cam ve \u00c7inicilik B\u00f6l\u00fcm\u00fcnde \u00d6\u011fretim G\u00f6revlisi olarak ders vermektedir.<\/strong><strong>&nbsp;<\/strong><\/p>\n<p><strong>Yay\u0131nlar\u0131:<\/strong> Fokus Export 2016,Z\u00fccaciye D\u00fcnyas\u0131na Fokus Dergisi Mart&amp;Nisan 2015, Kad\u0131k\u00f6y Life Dergisi Mart&amp;Nisan 2014, \u0130talik Dergisi Kas\u0131m 2012, Sealife Mart 2007, Antik Dekor Say\u013199, Tak\u0131 Dizayn Temmuz-A\u011fustos-Eyl\u00fcl, Masion Fransise 2007,Home Show 2007<\/p>\n<p><strong>TV Programlar\u0131: <\/strong>TRT1, Kanal6, HBB (2&#8217;den 4&#8217;e),&nbsp; 2012&nbsp; May\u0131s<strong>&nbsp; <\/strong>TRT T\u00fcrk (Bid\u00fcnya Tasar\u0131m&nbsp; 120.Program\u0131) TV 100 \u0130\u015fim ekme\u011fim 19. b\u00f6l\u00fcm program\u0131,THY \u00e7ekimi,TRT2 Hayat Sanat2020 \u015eubat,Haber T\u00fcrk Aysun \u00d6z ile R\u00f6portaj 2020 \u015eubat,CNN Afi\u015f Program\u0131 2020\u015eubat,NTV Gece G\u00fcnd\u00fcz 2020 Subat<\/p>\n<p><strong>Eserlerinin bulundu\u011fu yerler: <\/strong>Cumhurba\u015fkanl\u0131\u011f\u0131 ,Ba\u015fbakanl\u0131k,\u0130stanbul Ticaret odas\u0131 ve di\u011fer odalar, Ticaret Odalar birli\u011fi ba\u015fkanl\u0131\u011f\u0131, di\u011fer devlet makamlar\u0131nda ve bir\u00e7ok \u00dcnl\u00fc sanat\u00e7\u0131larda.<\/p>\n","protected":false},"excerpt":{"rendered":"<p>1957- \u0130stanbul\u2019da do\u011fdu 1976- Y\u0131l\u0131nda Haydarpa\u015fa E. M. L. Elektronik b\u00f6l\u00fcm\u00fcn\u00fc bitirdi 1982- Devlet Tatbiki G\u00fczel Sanatlar Y\u00fcksek Okulu&#8217;nu okul ikincisi olarak bitirdi. 1985- Kendi at\u00f6lyesinde sanat \u00e7al\u0131\u015fmalar\u0131na ba\u015flad\u0131. 1980-1987 &#8211;Elektrikli Kamara Tipi Seramik F\u0131r\u0131nlar\u0131 \u00fczerinde teknik ara\u015ft\u0131rmalar yapt\u0131 ve uygulad\u0131 1987- &nbsp;Hilton\u2019da Arma\u011fan 87 Fuar\u0131&#8217;na kat\u0131ld\u0131. 1991- 52. K\u00fclt\u00fcr Bakanl\u0131\u011f\u0131 Devlet Seramik ve \u00c7ini &hellip; <\/p>\n<p class=\"link-more\"><a href=\"http:\/\/www.nejatelsanatlari.com\/\" class=\"more-link\">Okumaya devam et<span class=\"screen-reader-text\"> &#8220;\u00d6z Ge\u00e7mi\u015f&#8221;<\/span><\/a><\/p>\n","protected":false},"author":1,"featured_media":0,"parent":0,"menu_order":0,"comment_status":"closed","ping_status":"closed","template":"","meta":{"footnotes":""},"_links":{"self":[{"href":"http:\/\/www.nejatelsanatlari.com\/index.php\/wp-json\/wp\/v2\/pages\/17"}],"collection":[{"href":"http:\/\/www.nejatelsanatlari.com\/index.php\/wp-json\/wp\/v2\/pages"}],"about":[{"href":"http:\/\/www.nejatelsanatlari.com\/index.php\/wp-json\/wp\/v2\/types\/page"}],"author":[{"embeddable":true,"href":"http:\/\/www.nejatelsanatlari.com\/index.php\/wp-json\/wp\/v2\/users\/1"}],"replies":[{"embeddable":true,"href":"http:\/\/www.nejatelsanatlari.com\/index.php\/wp-json\/wp\/v2\/comments?post=17"}],"version-history":[{"count":12,"href":"http:\/\/www.nejatelsanatlari.com\/index.php\/wp-json\/wp\/v2\/pages\/17\/revisions"}],"predecessor-version":[{"id":218,"href":"http:\/\/www.nejatelsanatlari.com\/index.php\/wp-json\/wp\/v2\/pages\/17\/revisions\/218"}],"wp:attachment":[{"href":"http:\/\/www.nejatelsanatlari.com\/index.php\/wp-json\/wp\/v2\/media?parent=17"}],"curies":[{"name":"wp","href":"https:\/\/api.w.org\/{rel}","templated":true}]}}